{"id":29,"date":"2023-04-24T09:53:39","date_gmt":"2023-04-24T07:53:39","guid":{"rendered":"http:\/\/az-serwer1862899.online.pro\/autoinstalator\/wordpress7\/?post_type=product&#038;p=29"},"modified":"2025-12-05T12:26:53","modified_gmt":"2025-12-05T11:26:53","slug":"apartament-w-galbiate","status":"publish","type":"product","link":"https:\/\/belottorealestate.com\/en\/product\/apartament-w-galbiate\/","title":{"rendered":"Flat in Galbiate"},"content":{"rendered":"<p style=\"text-align: left;\" data-start=\"160\" data-end=\"412\">An exclusive flat located in a prestigious residential building in picturesque Galbiate.<\/p>","protected":false},"excerpt":{"rendered":"<p>An exclusive flat located in a prestigious residential building in picturesque Galbiate.<\/p>","protected":false},"featured_media":1294,"comment_status":"open","ping_status":"closed","template":"","meta":[],"product_cat":[18],"product_tag":[42,43],"class_list":{"0":"post-29","1":"product","2":"type-product","3":"status-publish","4":"has-post-thumbnail","6":"product_cat-sell","7":"product_tag-galbiate","8":"product_tag-mieszkanie","10":"first","11":"instock","12":"virtual","13":"purchasable","14":"product-type-simple"},"acf":[],"yoast_head":"<!-- This site is optimized with the Yoast SEO plugin v22.8 - https:\/\/yoast.com\/wordpress\/plugins\/seo\/ -->\n<title>Apartament w Galbiate - Belotto Real Estate<\/title>\n<meta name=\"description\" content=\"Apartament po\u0142o\u017cony w malowniczej miejscowo\u015bci Galbiate. Nieruchomo\u015b\u0107 wyr\u00f3\u017cnia si\u0119 atrakcyjn\u0105 lokalizacj\u0105, funkcjonalnym uk\u0142adem oraz wysokiej jako\u015bci wyko\u0144czeniem. Z okien rozpo\u015bciera si\u0119 widok na jezioro Como i otaczaj\u0105ce je g\u00f3ry. Wn\u0119trza zosta\u0142y zaprojektowane w klasycznym stylu z elementami boho i glamour. Ka\u017cde pomieszczenie jest starannie wyko\u0144czone, a zastosowane materia\u0142y zapewniaj\u0105 trwa\u0142o\u015b\u0107 i estetyk\u0119. Jasna kolorystyka oraz du\u017ce okna sprawiaj\u0105, \u017ce przestrze\u0144 jest dobrze do\u015bwietlona i przyjemna w codziennym u\u017cytkowaniu. Apartament znajduje si\u0119 na parterze i sk\u0142ada si\u0119 z salonu z kominkiem, otwartej kuchni, dw\u00f3ch sypialni, przedpokoju oraz \u0142azienki z prysznicem. Z salonu i kuchni mo\u017cna wyj\u015b\u0107 na prywatny ogr\u00f3d. Na terenie posesji do dyspozycji mieszka\u0144c\u00f3w jest wsp\u00f3lny ogr\u00f3d o powierzchni ok. 25 000 m\u00b2, basen, dwa o\u015bwietlone korty tenisowe, boisko do koszyk\u00f3wki i siatk\u00f3wki oraz plac zabaw dla dzieci. Nieruchomo\u015b\u0107 jest dost\u0119pna od zaraz i sprzedawana z umeblowaniem. Nieruchomo\u015b\u0107 jest dost\u0119pna od zaraz i oferowana wraz z umeblowaniem. Mo\u017ce by\u0107 wykorzystywana zar\u00f3wno jako mieszkanie ca\u0142oroczne, jak i apartament wakacyjny nad jeziorem Como.\" \/>\n<meta name=\"robots\" content=\"index, follow, max-snippet:-1, max-image-preview:large, max-video-preview:-1\" \/>\n<link rel=\"canonical\" href=\"https:\/\/belottorealestate.com\/en\/product\/apartament-w-galbiate\/\" \/>\n<meta property=\"og:locale\" content=\"en_GB\" \/>\n<meta property=\"og:type\" content=\"article\" \/>\n<meta property=\"og:title\" content=\"Apartament w Galbiate - Belotto Real Estate\" \/>\n<meta property=\"og:description\" content=\"Apartament po\u0142o\u017cony w malowniczej miejscowo\u015bci Galbiate. Nieruchomo\u015b\u0107 wyr\u00f3\u017cnia si\u0119 atrakcyjn\u0105 lokalizacj\u0105, funkcjonalnym uk\u0142adem oraz wysokiej jako\u015bci wyko\u0144czeniem. Z okien rozpo\u015bciera si\u0119 widok na jezioro Como i otaczaj\u0105ce je g\u00f3ry. Wn\u0119trza zosta\u0142y zaprojektowane w klasycznym stylu z elementami boho i glamour. Ka\u017cde pomieszczenie jest starannie wyko\u0144czone, a zastosowane materia\u0142y zapewniaj\u0105 trwa\u0142o\u015b\u0107 i estetyk\u0119. Jasna kolorystyka oraz du\u017ce okna sprawiaj\u0105, \u017ce przestrze\u0144 jest dobrze do\u015bwietlona i przyjemna w codziennym u\u017cytkowaniu. Apartament znajduje si\u0119 na parterze i sk\u0142ada si\u0119 z salonu z kominkiem, otwartej kuchni, dw\u00f3ch sypialni, przedpokoju oraz \u0142azienki z prysznicem. Z salonu i kuchni mo\u017cna wyj\u015b\u0107 na prywatny ogr\u00f3d. Na terenie posesji do dyspozycji mieszka\u0144c\u00f3w jest wsp\u00f3lny ogr\u00f3d o powierzchni ok. 25 000 m\u00b2, basen, dwa o\u015bwietlone korty tenisowe, boisko do koszyk\u00f3wki i siatk\u00f3wki oraz plac zabaw dla dzieci. Nieruchomo\u015b\u0107 jest dost\u0119pna od zaraz i sprzedawana z umeblowaniem. Nieruchomo\u015b\u0107 jest dost\u0119pna od zaraz i oferowana wraz z umeblowaniem. Mo\u017ce by\u0107 wykorzystywana zar\u00f3wno jako mieszkanie ca\u0142oroczne, jak i apartament wakacyjny nad jeziorem Como.\" \/>\n<meta property=\"og:url\" content=\"https:\/\/belottorealestate.com\/en\/product\/apartament-w-galbiate\/\" \/>\n<meta property=\"og:site_name\" content=\"Belotto Real Estate\" \/>\n<meta property=\"article:modified_time\" content=\"2025-12-05T11:26:53+00:00\" \/>\n<meta property=\"og:image\" content=\"https:\/\/belottorealestate.com\/wp-content\/uploads\/2023\/04\/IMG_0727-scaled.jpg\" \/>\n\t<meta property=\"og:image:width\" content=\"1200\" \/>\n\t<meta property=\"og:image:height\" content=\"1600\" \/>\n\t<meta property=\"og:image:type\" content=\"image\/jpeg\" \/>\n<meta name=\"twitter:card\" content=\"summary_large_image\" \/>\n<meta name=\"twitter:label1\" content=\"Estimated reading time\" \/>\n\t<meta name=\"twitter:data1\" content=\"1 minute\" \/>\n<script type=\"application\/ld+json\" class=\"yoast-schema-graph\">{\"@context\":\"https:\/\/schema.org\",\"@graph\":[{\"@type\":\"WebPage\",\"@id\":\"https:\/\/belottorealestate.com\/produkt\/apartament-w-galbiate\/\",\"url\":\"https:\/\/belottorealestate.com\/produkt\/apartament-w-galbiate\/\",\"name\":\"Apartament w Galbiate - Belotto Real Estate\",\"isPartOf\":{\"@id\":\"https:\/\/belottorealestate.com\/#website\"},\"primaryImageOfPage\":{\"@id\":\"https:\/\/belottorealestate.com\/produkt\/apartament-w-galbiate\/#primaryimage\"},\"image\":{\"@id\":\"https:\/\/belottorealestate.com\/produkt\/apartament-w-galbiate\/#primaryimage\"},\"thumbnailUrl\":\"https:\/\/belottorealestate.com\/wp-content\/uploads\/2023\/04\/IMG_0727-scaled.jpg\",\"datePublished\":\"2023-04-24T07:53:39+00:00\",\"dateModified\":\"2025-12-05T11:26:53+00:00\",\"description\":\"Apartament po\u0142o\u017cony w malowniczej miejscowo\u015bci Galbiate. Nieruchomo\u015b\u0107 wyr\u00f3\u017cnia si\u0119 atrakcyjn\u0105 lokalizacj\u0105, funkcjonalnym uk\u0142adem oraz wysokiej jako\u015bci wyko\u0144czeniem. Z okien rozpo\u015bciera si\u0119 widok na jezioro Como i otaczaj\u0105ce je g\u00f3ry. Wn\u0119trza zosta\u0142y zaprojektowane w klasycznym stylu z elementami boho i glamour. Ka\u017cde pomieszczenie jest starannie wyko\u0144czone, a zastosowane materia\u0142y zapewniaj\u0105 trwa\u0142o\u015b\u0107 i estetyk\u0119. Jasna kolorystyka oraz du\u017ce okna sprawiaj\u0105, \u017ce przestrze\u0144 jest dobrze do\u015bwietlona i przyjemna w codziennym u\u017cytkowaniu. Apartament znajduje si\u0119 na parterze i sk\u0142ada si\u0119 z salonu z kominkiem, otwartej kuchni, dw\u00f3ch sypialni, przedpokoju oraz \u0142azienki z prysznicem. Z salonu i kuchni mo\u017cna wyj\u015b\u0107 na prywatny ogr\u00f3d. Na terenie posesji do dyspozycji mieszka\u0144c\u00f3w jest wsp\u00f3lny ogr\u00f3d o powierzchni ok. 25 000 m\u00b2, basen, dwa o\u015bwietlone korty tenisowe, boisko do koszyk\u00f3wki i siatk\u00f3wki oraz plac zabaw dla dzieci. Nieruchomo\u015b\u0107 jest dost\u0119pna od zaraz i sprzedawana z umeblowaniem. Nieruchomo\u015b\u0107 jest dost\u0119pna od zaraz i oferowana wraz z umeblowaniem. Mo\u017ce by\u0107 wykorzystywana zar\u00f3wno jako mieszkanie ca\u0142oroczne, jak i apartament wakacyjny nad jeziorem Como.\",\"breadcrumb\":{\"@id\":\"https:\/\/belottorealestate.com\/produkt\/apartament-w-galbiate\/#breadcrumb\"},\"inLanguage\":\"en-GB\",\"potentialAction\":[{\"@type\":\"ReadAction\",\"target\":[\"https:\/\/belottorealestate.com\/produkt\/apartament-w-galbiate\/\"]}]},{\"@type\":\"ImageObject\",\"inLanguage\":\"en-GB\",\"@id\":\"https:\/\/belottorealestate.com\/produkt\/apartament-w-galbiate\/#primaryimage\",\"url\":\"https:\/\/belottorealestate.com\/wp-content\/uploads\/2023\/04\/IMG_0727-scaled.jpg\",\"contentUrl\":\"https:\/\/belottorealestate.com\/wp-content\/uploads\/2023\/04\/IMG_0727-scaled.jpg\",\"width\":1200,\"height\":1600},{\"@type\":\"BreadcrumbList\",\"@id\":\"https:\/\/belottorealestate.com\/produkt\/apartament-w-galbiate\/#breadcrumb\",\"itemListElement\":[{\"@type\":\"ListItem\",\"position\":1,\"name\":\"Strona g\u0142\u00f3wna\",\"item\":\"https:\/\/belottorealestate.com\/\"},{\"@type\":\"ListItem\",\"position\":2,\"name\":\"Sklep\",\"item\":\"https:\/\/belottorealestate.com\/sklep\/\"},{\"@type\":\"ListItem\",\"position\":3,\"name\":\"Apartament w Galbiate\"}]},{\"@type\":\"WebSite\",\"@id\":\"https:\/\/belottorealestate.com\/#website\",\"url\":\"https:\/\/belottorealestate.com\/\",\"name\":\"Belotto Real Estate\",\"description\":\"Unique real estate in Italy\",\"potentialAction\":[{\"@type\":\"SearchAction\",\"target\":{\"@type\":\"EntryPoint\",\"urlTemplate\":\"https:\/\/belottorealestate.com\/?s={search_term_string}\"},\"query-input\":\"required name=search_term_string\"}],\"inLanguage\":\"en-GB\"}]}<\/script>\n<!-- \/ Yoast SEO plugin. -->","yoast_head_json":{"title":"Apartament w Galbiate - Belotto Real Estate","description":"Apartament po\u0142o\u017cony w malowniczej miejscowo\u015bci Galbiate. Nieruchomo\u015b\u0107 wyr\u00f3\u017cnia si\u0119 atrakcyjn\u0105 lokalizacj\u0105, funkcjonalnym uk\u0142adem oraz wysokiej jako\u015bci wyko\u0144czeniem. Z okien rozpo\u015bciera si\u0119 widok na jezioro Como i otaczaj\u0105ce je g\u00f3ry. Wn\u0119trza zosta\u0142y zaprojektowane w klasycznym stylu z elementami boho i glamour. Ka\u017cde pomieszczenie jest starannie wyko\u0144czone, a zastosowane materia\u0142y zapewniaj\u0105 trwa\u0142o\u015b\u0107 i estetyk\u0119. Jasna kolorystyka oraz du\u017ce okna sprawiaj\u0105, \u017ce przestrze\u0144 jest dobrze do\u015bwietlona i przyjemna w codziennym u\u017cytkowaniu. Apartament znajduje si\u0119 na parterze i sk\u0142ada si\u0119 z salonu z kominkiem, otwartej kuchni, dw\u00f3ch sypialni, przedpokoju oraz \u0142azienki z prysznicem. Z salonu i kuchni mo\u017cna wyj\u015b\u0107 na prywatny ogr\u00f3d. Na terenie posesji do dyspozycji mieszka\u0144c\u00f3w jest wsp\u00f3lny ogr\u00f3d o powierzchni ok. 25 000 m\u00b2, basen, dwa o\u015bwietlone korty tenisowe, boisko do koszyk\u00f3wki i siatk\u00f3wki oraz plac zabaw dla dzieci. Nieruchomo\u015b\u0107 jest dost\u0119pna od zaraz i sprzedawana z umeblowaniem. Nieruchomo\u015b\u0107 jest dost\u0119pna od zaraz i oferowana wraz z umeblowaniem. Mo\u017ce by\u0107 wykorzystywana zar\u00f3wno jako mieszkanie ca\u0142oroczne, jak i apartament wakacyjny nad jeziorem Como.","robots":{"index":"index","follow":"follow","max-snippet":"max-snippet:-1","max-image-preview":"max-image-preview:large","max-video-preview":"max-video-preview:-1"},"canonical":"https:\/\/belottorealestate.com\/en\/product\/apartament-w-galbiate\/","og_locale":"en_GB","og_type":"article","og_title":"Apartament w Galbiate - Belotto Real Estate","og_description":"Apartament po\u0142o\u017cony w malowniczej miejscowo\u015bci Galbiate. Nieruchomo\u015b\u0107 wyr\u00f3\u017cnia si\u0119 atrakcyjn\u0105 lokalizacj\u0105, funkcjonalnym uk\u0142adem oraz wysokiej jako\u015bci wyko\u0144czeniem. Z okien rozpo\u015bciera si\u0119 widok na jezioro Como i otaczaj\u0105ce je g\u00f3ry. Wn\u0119trza zosta\u0142y zaprojektowane w klasycznym stylu z elementami boho i glamour. Ka\u017cde pomieszczenie jest starannie wyko\u0144czone, a zastosowane materia\u0142y zapewniaj\u0105 trwa\u0142o\u015b\u0107 i estetyk\u0119. Jasna kolorystyka oraz du\u017ce okna sprawiaj\u0105, \u017ce przestrze\u0144 jest dobrze do\u015bwietlona i przyjemna w codziennym u\u017cytkowaniu. Apartament znajduje si\u0119 na parterze i sk\u0142ada si\u0119 z salonu z kominkiem, otwartej kuchni, dw\u00f3ch sypialni, przedpokoju oraz \u0142azienki z prysznicem. Z salonu i kuchni mo\u017cna wyj\u015b\u0107 na prywatny ogr\u00f3d. Na terenie posesji do dyspozycji mieszka\u0144c\u00f3w jest wsp\u00f3lny ogr\u00f3d o powierzchni ok. 25 000 m\u00b2, basen, dwa o\u015bwietlone korty tenisowe, boisko do koszyk\u00f3wki i siatk\u00f3wki oraz plac zabaw dla dzieci. Nieruchomo\u015b\u0107 jest dost\u0119pna od zaraz i sprzedawana z umeblowaniem. Nieruchomo\u015b\u0107 jest dost\u0119pna od zaraz i oferowana wraz z umeblowaniem. Mo\u017ce by\u0107 wykorzystywana zar\u00f3wno jako mieszkanie ca\u0142oroczne, jak i apartament wakacyjny nad jeziorem Como.","og_url":"https:\/\/belottorealestate.com\/en\/product\/apartament-w-galbiate\/","og_site_name":"Belotto Real Estate","article_modified_time":"2025-12-05T11:26:53+00:00","og_image":[{"width":1200,"height":1600,"url":"https:\/\/belottorealestate.com\/wp-content\/uploads\/2023\/04\/IMG_0727-scaled.jpg","type":"image\/jpeg"}],"twitter_card":"summary_large_image","twitter_misc":{"Estimated reading time":"1 minute"},"schema":{"@context":"https:\/\/schema.org","@graph":[{"@type":"WebPage","@id":"https:\/\/belottorealestate.com\/produkt\/apartament-w-galbiate\/","url":"https:\/\/belottorealestate.com\/produkt\/apartament-w-galbiate\/","name":"Apartament w Galbiate - Belotto Real Estate","isPartOf":{"@id":"https:\/\/belottorealestate.com\/#website"},"primaryImageOfPage":{"@id":"https:\/\/belottorealestate.com\/produkt\/apartament-w-galbiate\/#primaryimage"},"image":{"@id":"https:\/\/belottorealestate.com\/produkt\/apartament-w-galbiate\/#primaryimage"},"thumbnailUrl":"https:\/\/belottorealestate.com\/wp-content\/uploads\/2023\/04\/IMG_0727-scaled.jpg","datePublished":"2023-04-24T07:53:39+00:00","dateModified":"2025-12-05T11:26:53+00:00","description":"Apartament po\u0142o\u017cony w malowniczej miejscowo\u015bci Galbiate. Nieruchomo\u015b\u0107 wyr\u00f3\u017cnia si\u0119 atrakcyjn\u0105 lokalizacj\u0105, funkcjonalnym uk\u0142adem oraz wysokiej jako\u015bci wyko\u0144czeniem. Z okien rozpo\u015bciera si\u0119 widok na jezioro Como i otaczaj\u0105ce je g\u00f3ry. Wn\u0119trza zosta\u0142y zaprojektowane w klasycznym stylu z elementami boho i glamour. Ka\u017cde pomieszczenie jest starannie wyko\u0144czone, a zastosowane materia\u0142y zapewniaj\u0105 trwa\u0142o\u015b\u0107 i estetyk\u0119. Jasna kolorystyka oraz du\u017ce okna sprawiaj\u0105, \u017ce przestrze\u0144 jest dobrze do\u015bwietlona i przyjemna w codziennym u\u017cytkowaniu. Apartament znajduje si\u0119 na parterze i sk\u0142ada si\u0119 z salonu z kominkiem, otwartej kuchni, dw\u00f3ch sypialni, przedpokoju oraz \u0142azienki z prysznicem. Z salonu i kuchni mo\u017cna wyj\u015b\u0107 na prywatny ogr\u00f3d. Na terenie posesji do dyspozycji mieszka\u0144c\u00f3w jest wsp\u00f3lny ogr\u00f3d o powierzchni ok. 25 000 m\u00b2, basen, dwa o\u015bwietlone korty tenisowe, boisko do koszyk\u00f3wki i siatk\u00f3wki oraz plac zabaw dla dzieci. Nieruchomo\u015b\u0107 jest dost\u0119pna od zaraz i sprzedawana z umeblowaniem. Nieruchomo\u015b\u0107 jest dost\u0119pna od zaraz i oferowana wraz z umeblowaniem. Mo\u017ce by\u0107 wykorzystywana zar\u00f3wno jako mieszkanie ca\u0142oroczne, jak i apartament wakacyjny nad jeziorem Como.","breadcrumb":{"@id":"https:\/\/belottorealestate.com\/produkt\/apartament-w-galbiate\/#breadcrumb"},"inLanguage":"en-GB","potentialAction":[{"@type":"ReadAction","target":["https:\/\/belottorealestate.com\/produkt\/apartament-w-galbiate\/"]}]},{"@type":"ImageObject","inLanguage":"en-GB","@id":"https:\/\/belottorealestate.com\/produkt\/apartament-w-galbiate\/#primaryimage","url":"https:\/\/belottorealestate.com\/wp-content\/uploads\/2023\/04\/IMG_0727-scaled.jpg","contentUrl":"https:\/\/belottorealestate.com\/wp-content\/uploads\/2023\/04\/IMG_0727-scaled.jpg","width":1200,"height":1600},{"@type":"BreadcrumbList","@id":"https:\/\/belottorealestate.com\/produkt\/apartament-w-galbiate\/#breadcrumb","itemListElement":[{"@type":"ListItem","position":1,"name":"Strona g\u0142\u00f3wna","item":"https:\/\/belottorealestate.com\/"},{"@type":"ListItem","position":2,"name":"Sklep","item":"https:\/\/belottorealestate.com\/sklep\/"},{"@type":"ListItem","position":3,"name":"Apartament w Galbiate"}]},{"@type":"WebSite","@id":"https:\/\/belottorealestate.com\/#website","url":"https:\/\/belottorealestate.com\/","name":"Belotto Real Estate","description":"Unique real estate in Italy","potentialAction":[{"@type":"SearchAction","target":{"@type":"EntryPoint","urlTemplate":"https:\/\/belottorealestate.com\/?s={search_term_string}"},"query-input":"required name=search_term_string"}],"inLanguage":"en-GB"}]}},"_links":{"self":[{"href":"https:\/\/belottorealestate.com\/en\/wp-json\/wp\/v2\/product\/29","targetHints":{"allow":["GET"]}}],"collection":[{"href":"https:\/\/belottorealestate.com\/en\/wp-json\/wp\/v2\/product"}],"about":[{"href":"https:\/\/belottorealestate.com\/en\/wp-json\/wp\/v2\/types\/product"}],"replies":[{"embeddable":true,"href":"https:\/\/belottorealestate.com\/en\/wp-json\/wp\/v2\/comments?post=29"}],"wp:featuredmedia":[{"embeddable":true,"href":"https:\/\/belottorealestate.com\/en\/wp-json\/wp\/v2\/media\/1294"}],"wp:attachment":[{"href":"https:\/\/belottorealestate.com\/en\/wp-json\/wp\/v2\/media?parent=29"}],"wp:term":[{"taxonomy":"product_cat","embeddable":true,"href":"https:\/\/belottorealestate.com\/en\/wp-json\/wp\/v2\/product_cat?post=29"},{"taxonomy":"product_tag","embeddable":true,"href":"https:\/\/belottorealestate.com\/en\/wp-json\/wp\/v2\/product_tag?post=29"}],"curies":[{"name":"wp","href":"https:\/\/api.w.org\/{rel}","templated":true}]}}