{"id":678,"date":"2024-03-19T19:41:16","date_gmt":"2024-03-19T18:41:16","guid":{"rendered":"http:\/\/belottorealestate.com\/?post_type=product&#038;p=678"},"modified":"2025-11-09T13:40:07","modified_gmt":"2025-11-09T12:40:07","slug":"lodz-raffaella","status":"publish","type":"product","link":"https:\/\/belottorealestate.com\/en\/product\/lodz-raffaella\/","title":{"rendered":"Raffaelli yacht"},"content":{"rendered":"<h3 data-start=\"0\" data-end=\"59\"><strong data-start=\"0\" data-end=\"57\">Wynajem \u0142\u00f3dki Rafaelli z przewodnikiem\u00a0<\/strong><\/h3>\n<p data-start=\"61\" data-end=\"298\">Wybierz si\u0119 w niezapomnian\u0105 podr\u00f3\u017c po malowniczym wybrze\u017cu Ligurii na pok\u0142adzie eleganckiego jachtu <strong>Rafaelli.<\/strong> This part of Italy is not only picturesque, but full of charming places accessible from the sea. A cruise is the perfect opportunity to discover picturesque clifftop towns, Italian bays, and see the landscape of fishing areas full of citrus orchards or olive groves. All this will allow you to feel the unique Italian climate.<\/p>\n<p><strong data-start=\"303\" data-end=\"320\">What do we offer?<\/strong><\/p>\n<ul>\n<li>Comfortable Rafaelli boat with professional guide<\/li>\n<li>A private tour tailored to your expectations<\/li>\n<li>Possibility to admire the famous sites on the Ligurian coast<\/li>\n<li>Relaxing moments on the water with a glass of prosecco<\/li>\n<\/ul>\n<p>&nbsp;<\/p>\n<p data-start=\"657\" data-end=\"804\"><strong data-start=\"660\" data-end=\"678\">Cruise length:<\/strong> to be agreed<br data-start=\"693\" data-end=\"696\" \/><strong data-start=\"699\" data-end=\"723\">Departure times:<\/strong> flexible, tailored to your schedule<br data-start=\"764\" data-end=\"767\" data-is-only-node=\"\" \/><strong data-start=\"770\" data-end=\"779\">Price:<\/strong> agreed individually<\/p>\n<h4 data-start=\"806\" data-end=\"870\"><\/h4>","protected":false},"excerpt":{"rendered":"<p>Wynajem \u0142\u00f3dki Rafaelli z przewodnikiem\u00a0 Wybierz si\u0119 w niezapomnian\u0105 podr\u00f3\u017c po malowniczym wybrze\u017cu Ligurii na pok\u0142adzie eleganckiego jachtu Rafaelli. Ta cz\u0119\u015b\u0107 W\u0142och jest nie tylko malownicza, ale pe\u0142na urokliwych miejsc dost\u0119pnych od strony morza. Rejs to doskona\u0142a okazja, aby odkry\u0107 malownicze miasteczka na klifach, w\u0142oskie zatoki, a tak\u017ce zobaczy\u0107 krajobraz rybackich okolic pe\u0142en sad\u00f3w cytrusowych [&hellip;]<\/p>","protected":false},"featured_media":1506,"comment_status":"open","ping_status":"closed","template":"","meta":[],"product_cat":[16],"product_tag":[46,35],"class_list":{"0":"post-678","1":"product","2":"type-product","3":"status-publish","4":"has-post-thumbnail","6":"product_cat-rent","7":"product_tag-lodka-como","8":"product_tag-lodz","10":"first","11":"instock","12":"virtual","13":"sold-individually","14":"purchasable","15":"product-type-booking"},"acf":[],"yoast_head":"<!-- This site is optimized with the Yoast SEO plugin v22.8 - https:\/\/yoast.com\/wordpress\/plugins\/seo\/ -->\n<title>Jacht Raffaelli - Belotto Real Estate<\/title>\n<meta name=\"robots\" content=\"index, follow, max-snippet:-1, max-image-preview:large, max-video-preview:-1\" \/>\n<link rel=\"canonical\" href=\"https:\/\/belottorealestate.com\/en\/product\/lodz-raffaella\/\" \/>\n<meta property=\"og:locale\" content=\"en_GB\" \/>\n<meta property=\"og:type\" content=\"article\" \/>\n<meta property=\"og:title\" content=\"Jacht Raffaelli - Belotto Real Estate\" \/>\n<meta property=\"og:description\" content=\"Wynajem \u0142\u00f3dki Rafaelli z przewodnikiem\u00a0 Wybierz si\u0119 w niezapomnian\u0105 podr\u00f3\u017c po malowniczym wybrze\u017cu Ligurii na pok\u0142adzie eleganckiego jachtu Rafaelli. Ta cz\u0119\u015b\u0107 W\u0142och jest nie tylko malownicza, ale pe\u0142na urokliwych miejsc dost\u0119pnych od strony morza. Rejs to doskona\u0142a okazja, aby odkry\u0107 malownicze miasteczka na klifach, w\u0142oskie zatoki, a tak\u017ce zobaczy\u0107 krajobraz rybackich okolic pe\u0142en sad\u00f3w cytrusowych [&hellip;]\" \/>\n<meta property=\"og:url\" content=\"https:\/\/belottorealestate.com\/en\/product\/lodz-raffaella\/\" \/>\n<meta property=\"og:site_name\" content=\"Belotto Real Estate\" \/>\n<meta property=\"article:modified_time\" content=\"2025-11-09T12:40:07+00:00\" \/>\n<meta property=\"og:image\" content=\"https:\/\/belottorealestate.com\/wp-content\/uploads\/2024\/03\/a8008fac-be78-41ee-b1cc-1d277dff8014.jpeg\" \/>\n\t<meta property=\"og:image:width\" content=\"1200\" \/>\n\t<meta property=\"og:image:height\" content=\"1600\" \/>\n\t<meta property=\"og:image:type\" content=\"image\/jpeg\" \/>\n<meta name=\"twitter:card\" content=\"summary_large_image\" \/>\n<meta name=\"twitter:label1\" content=\"Estimated reading time\" \/>\n\t<meta name=\"twitter:data1\" content=\"1 minute\" \/>\n<script type=\"application\/ld+json\" class=\"yoast-schema-graph\">{\"@context\":\"https:\/\/schema.org\",\"@graph\":[{\"@type\":\"WebPage\",\"@id\":\"https:\/\/belottorealestate.com\/produkt\/lodz-raffaella\/\",\"url\":\"https:\/\/belottorealestate.com\/produkt\/lodz-raffaella\/\",\"name\":\"Jacht Raffaelli - Belotto Real Estate\",\"isPartOf\":{\"@id\":\"https:\/\/belottorealestate.com\/#website\"},\"primaryImageOfPage\":{\"@id\":\"https:\/\/belottorealestate.com\/produkt\/lodz-raffaella\/#primaryimage\"},\"image\":{\"@id\":\"https:\/\/belottorealestate.com\/produkt\/lodz-raffaella\/#primaryimage\"},\"thumbnailUrl\":\"https:\/\/belottorealestate.com\/wp-content\/uploads\/2024\/03\/a8008fac-be78-41ee-b1cc-1d277dff8014.jpeg\",\"datePublished\":\"2024-03-19T18:41:16+00:00\",\"dateModified\":\"2025-11-09T12:40:07+00:00\",\"breadcrumb\":{\"@id\":\"https:\/\/belottorealestate.com\/produkt\/lodz-raffaella\/#breadcrumb\"},\"inLanguage\":\"en-GB\",\"potentialAction\":[{\"@type\":\"ReadAction\",\"target\":[\"https:\/\/belottorealestate.com\/produkt\/lodz-raffaella\/\"]}]},{\"@type\":\"ImageObject\",\"inLanguage\":\"en-GB\",\"@id\":\"https:\/\/belottorealestate.com\/produkt\/lodz-raffaella\/#primaryimage\",\"url\":\"https:\/\/belottorealestate.com\/wp-content\/uploads\/2024\/03\/a8008fac-be78-41ee-b1cc-1d277dff8014.jpeg\",\"contentUrl\":\"https:\/\/belottorealestate.com\/wp-content\/uploads\/2024\/03\/a8008fac-be78-41ee-b1cc-1d277dff8014.jpeg\",\"width\":1200,\"height\":1600},{\"@type\":\"BreadcrumbList\",\"@id\":\"https:\/\/belottorealestate.com\/produkt\/lodz-raffaella\/#breadcrumb\",\"itemListElement\":[{\"@type\":\"ListItem\",\"position\":1,\"name\":\"Strona g\u0142\u00f3wna\",\"item\":\"https:\/\/belottorealestate.com\/\"},{\"@type\":\"ListItem\",\"position\":2,\"name\":\"Sklep\",\"item\":\"https:\/\/belottorealestate.com\/sklep\/\"},{\"@type\":\"ListItem\",\"position\":3,\"name\":\"Jacht Raffaelli\"}]},{\"@type\":\"WebSite\",\"@id\":\"https:\/\/belottorealestate.com\/#website\",\"url\":\"https:\/\/belottorealestate.com\/\",\"name\":\"Belotto Real Estate\",\"description\":\"Unique real estate in Italy\",\"potentialAction\":[{\"@type\":\"SearchAction\",\"target\":{\"@type\":\"EntryPoint\",\"urlTemplate\":\"https:\/\/belottorealestate.com\/?s={search_term_string}\"},\"query-input\":\"required name=search_term_string\"}],\"inLanguage\":\"en-GB\"}]}<\/script>\n<!-- \/ Yoast SEO plugin. -->","yoast_head_json":{"title":"Jacht Raffaelli - Belotto Real Estate","robots":{"index":"index","follow":"follow","max-snippet":"max-snippet:-1","max-image-preview":"max-image-preview:large","max-video-preview":"max-video-preview:-1"},"canonical":"https:\/\/belottorealestate.com\/en\/product\/lodz-raffaella\/","og_locale":"en_GB","og_type":"article","og_title":"Jacht Raffaelli - Belotto Real Estate","og_description":"Wynajem \u0142\u00f3dki Rafaelli z przewodnikiem\u00a0 Wybierz si\u0119 w niezapomnian\u0105 podr\u00f3\u017c po malowniczym wybrze\u017cu Ligurii na pok\u0142adzie eleganckiego jachtu Rafaelli. Ta cz\u0119\u015b\u0107 W\u0142och jest nie tylko malownicza, ale pe\u0142na urokliwych miejsc dost\u0119pnych od strony morza. Rejs to doskona\u0142a okazja, aby odkry\u0107 malownicze miasteczka na klifach, w\u0142oskie zatoki, a tak\u017ce zobaczy\u0107 krajobraz rybackich okolic pe\u0142en sad\u00f3w cytrusowych [&hellip;]","og_url":"https:\/\/belottorealestate.com\/en\/product\/lodz-raffaella\/","og_site_name":"Belotto Real Estate","article_modified_time":"2025-11-09T12:40:07+00:00","og_image":[{"width":1200,"height":1600,"url":"https:\/\/belottorealestate.com\/wp-content\/uploads\/2024\/03\/a8008fac-be78-41ee-b1cc-1d277dff8014.jpeg","type":"image\/jpeg"}],"twitter_card":"summary_large_image","twitter_misc":{"Estimated reading time":"1 minute"},"schema":{"@context":"https:\/\/schema.org","@graph":[{"@type":"WebPage","@id":"https:\/\/belottorealestate.com\/produkt\/lodz-raffaella\/","url":"https:\/\/belottorealestate.com\/produkt\/lodz-raffaella\/","name":"Jacht Raffaelli - Belotto Real Estate","isPartOf":{"@id":"https:\/\/belottorealestate.com\/#website"},"primaryImageOfPage":{"@id":"https:\/\/belottorealestate.com\/produkt\/lodz-raffaella\/#primaryimage"},"image":{"@id":"https:\/\/belottorealestate.com\/produkt\/lodz-raffaella\/#primaryimage"},"thumbnailUrl":"https:\/\/belottorealestate.com\/wp-content\/uploads\/2024\/03\/a8008fac-be78-41ee-b1cc-1d277dff8014.jpeg","datePublished":"2024-03-19T18:41:16+00:00","dateModified":"2025-11-09T12:40:07+00:00","breadcrumb":{"@id":"https:\/\/belottorealestate.com\/produkt\/lodz-raffaella\/#breadcrumb"},"inLanguage":"en-GB","potentialAction":[{"@type":"ReadAction","target":["https:\/\/belottorealestate.com\/produkt\/lodz-raffaella\/"]}]},{"@type":"ImageObject","inLanguage":"en-GB","@id":"https:\/\/belottorealestate.com\/produkt\/lodz-raffaella\/#primaryimage","url":"https:\/\/belottorealestate.com\/wp-content\/uploads\/2024\/03\/a8008fac-be78-41ee-b1cc-1d277dff8014.jpeg","contentUrl":"https:\/\/belottorealestate.com\/wp-content\/uploads\/2024\/03\/a8008fac-be78-41ee-b1cc-1d277dff8014.jpeg","width":1200,"height":1600},{"@type":"BreadcrumbList","@id":"https:\/\/belottorealestate.com\/produkt\/lodz-raffaella\/#breadcrumb","itemListElement":[{"@type":"ListItem","position":1,"name":"Strona g\u0142\u00f3wna","item":"https:\/\/belottorealestate.com\/"},{"@type":"ListItem","position":2,"name":"Sklep","item":"https:\/\/belottorealestate.com\/sklep\/"},{"@type":"ListItem","position":3,"name":"Jacht Raffaelli"}]},{"@type":"WebSite","@id":"https:\/\/belottorealestate.com\/#website","url":"https:\/\/belottorealestate.com\/","name":"Belotto Real Estate","description":"Unique real estate in Italy","potentialAction":[{"@type":"SearchAction","target":{"@type":"EntryPoint","urlTemplate":"https:\/\/belottorealestate.com\/?s={search_term_string}"},"query-input":"required name=search_term_string"}],"inLanguage":"en-GB"}]}},"_links":{"self":[{"href":"https:\/\/belottorealestate.com\/en\/wp-json\/wp\/v2\/product\/678","targetHints":{"allow":["GET"]}}],"collection":[{"href":"https:\/\/belottorealestate.com\/en\/wp-json\/wp\/v2\/product"}],"about":[{"href":"https:\/\/belottorealestate.com\/en\/wp-json\/wp\/v2\/types\/product"}],"replies":[{"embeddable":true,"href":"https:\/\/belottorealestate.com\/en\/wp-json\/wp\/v2\/comments?post=678"}],"wp:featuredmedia":[{"embeddable":true,"href":"https:\/\/belottorealestate.com\/en\/wp-json\/wp\/v2\/media\/1506"}],"wp:attachment":[{"href":"https:\/\/belottorealestate.com\/en\/wp-json\/wp\/v2\/media?parent=678"}],"wp:term":[{"taxonomy":"product_cat","embeddable":true,"href":"https:\/\/belottorealestate.com\/en\/wp-json\/wp\/v2\/product_cat?post=678"},{"taxonomy":"product_tag","embeddable":true,"href":"https:\/\/belottorealestate.com\/en\/wp-json\/wp\/v2\/product_tag?post=678"}],"curies":[{"name":"wp","href":"https:\/\/api.w.org\/{rel}","templated":true}]}}